{"id":104,"date":"2025-04-25T17:58:29","date_gmt":"2025-04-25T16:58:29","guid":{"rendered":"https:\/\/vielmo.com\/profile\/"},"modified":"2025-11-28T11:41:54","modified_gmt":"2025-11-28T10:41:54","slug":"profile","status":"publish","type":"page","link":"https:\/\/vielmo.com\/en\/profile\/","title":{"rendered":"Profile"},"content":{"rendered":"\n<h2 class=\"wp-block-heading has-text-align-left\"><br><strong>Sabine Vielmo<\/strong><\/h2>\n\n\n\n<p>studied photography at the School of Design in Zurich. In addition to freelance projects, her work focuses primarily on reportage, portraiture, architecture, and corporate communications for internationally active companies and organizations. Sabine Vielmo lives in Hamburg, Germany.<\/p>\n\n\n\n<h2 class=\"wp-block-heading has-text-align-left\"><strong>Clients<\/strong><\/h2>\n\n\n\n<p><strong>ADAC Travel Magazine<\/strong> | Arche Warder e.V. | AP Plan Architekten | B\u00e4renwald M\u00fcritz | Bildungszentrum Reinfeld<br><strong>BSU &#8211; Hamburg Authority for Urban Development and the Environment<\/strong> | Cogent Design London | Conrendit | Deutsche Schiffsbank<br><strong>German Maritime Museum <\/strong>| Eurogate | E.R.Schiffahrt | E.R. Offshore | EEHH &#8211; Erneuerbare Energien Hamburg Clusteragentur<br><strong>Fleet Hamburg LLP<\/strong> | G\u00e4rnter M\u00f6bel Hamburg | Greenpeace | Greenpeace energy eG | GFA Consulting Group | Goodgame Studios<br><strong>Hamburg S\u00fcd<\/strong> | Hamburg Chamber of Commerce | Hesse Newman Capital | HOCHTIEF Solutions AG | H\u00d6RZU | HWWI Hamburg<br><strong>Kunstraum Gfk<\/strong> | Kunstverein Hamburg | Lindner AG | MACS shipping | MAN AG | Nimbus Group | Nordcapital | Ostermann Architekten<br><strong>ORP Architekten<\/strong> | Planet Energy | Pleon | PRH Hamburg Kommunikation | Reemtsma Institute | Rickmers Group | Tropical Forest Trust<br><strong>SOS Kinderdorf<\/strong> | Stern | VDR &#8211; Verband Deutscher Reeder | ver.di | Vier Pfoten e.V. | Werkhaus Design + Produktion GmbH<br><strong>WWF Worldwide Found for Nature<\/strong> | 360 grad plus Architekten | Museum Schwerin | The New Institute<\/p>\n\n\n\n<h2 class=\"wp-block-heading has-text-align-left\"><strong>Exhibitions<\/strong><\/h2>\n\n\n\n<p>Hongkong \u2013 Hamburg. 10.000 Meilen Seetransport und Arbeit an Bord, Expo am Meer 2000 <\/p>\n\n\n\n<p>20 FUSS &#8211; MIT CONTAINERN \u00dcBER DIE WELTMEERE, special exhibition at the German Maritime Museum 2008<\/p>\n\n\n\n<p>20 FUSS -MIT CONTAINERN \u00dcBER DIE WELTMEERE, K\u00fcnstlerhaus Spiekeroog 2009<\/p>\n\n\n\n<p>53\u00b0 Nord &#8211; Working World Port, Work at Sea, Europa Passage, Hamburg 2009<\/p>\n\n\n\n<h2 class=\"wp-block-heading has-text-align-left\"><strong>B\u00fccher<\/strong><\/h2>\n\n\n\n<p><a href=\"https:\/\/vielmo.com\/30000_seemeilen_referenzen\">30,000 SEEMEILEN<\/a><br>Passages and shore leave. Von Schiffen, Menschen und Containern<br>160 Pages, Edition Braus, Heidelberg, ISBN 9783899040838<\/p>\n\n\n\n<p><a href=\"https:\/\/vielmo.com\/20_fuss_referenzen\">20 FUSS &#8211; MIT CONTAINERN \u00dcBER DIE WELTMEERE<\/a><br>Klaus-Peter Kiedel (text), Sabine Vielmo (photography)<br>Hauschild Verlag Bremen, 96 pages, ISBN 9783897574113<\/p>\n\n\n\n<p><a href=\"https:\/\/vielmo.com\/unileverhaus_referenzen\">UNILEVER HAUS<\/a><br>Hafencity Hamburg<br>Produced for HOCHTIEF Solutions AG, HTP Nord<\/p>\n\n\n\n<p><a href=\"https:\/\/vielmo.com\/marco_polo_tower_referenzen\">MARCO POLO TOWER<\/a><br>Hafencity Hamburg<\/p>\n\n\n\n<p><\/p>\n\n\n\n<p><\/p>\n\n\n\n<p><\/p>\n","protected":false},"excerpt":{"rendered":"<p>Sabine Vielmo studied photography at the School of Design in Zurich. In addition to freelance projects, her work focuses primarily on reportage, portraiture, architecture, and corporate communications for internationally active companies and organizations. Sabine Vielmo lives in Hamburg, Germany. Clients ADAC Travel Magazine | Arche Warder e.V. | AP Plan &hellip;<\/p>\n<div class=\"wrap-excerpt-more\"><a class=\"excerpt-more\" href=\"https:\/\/vielmo.com\/en\/profile\/\">Read more<\/a><\/div>\n","protected":false},"author":1,"featured_media":0,"parent":0,"menu_order":0,"comment_status":"closed","ping_status":"closed","template":"","meta":{"footnotes":""},"class_list":["post-104","page","type-page","status-publish","hentry","post--no-featured-image"],"_links":{"self":[{"href":"https:\/\/vielmo.com\/en\/wp-json\/wp\/v2\/pages\/104","targetHints":{"allow":["GET"]}}],"collection":[{"href":"https:\/\/vielmo.com\/en\/wp-json\/wp\/v2\/pages"}],"about":[{"href":"https:\/\/vielmo.com\/en\/wp-json\/wp\/v2\/types\/page"}],"author":[{"embeddable":true,"href":"https:\/\/vielmo.com\/en\/wp-json\/wp\/v2\/users\/1"}],"replies":[{"embeddable":true,"href":"https:\/\/vielmo.com\/en\/wp-json\/wp\/v2\/comments?post=104"}],"version-history":[{"count":8,"href":"https:\/\/vielmo.com\/en\/wp-json\/wp\/v2\/pages\/104\/revisions"}],"predecessor-version":[{"id":871,"href":"https:\/\/vielmo.com\/en\/wp-json\/wp\/v2\/pages\/104\/revisions\/871"}],"wp:attachment":[{"href":"https:\/\/vielmo.com\/en\/wp-json\/wp\/v2\/media?parent=104"}],"curies":[{"name":"wp","href":"https:\/\/api.w.org\/{rel}","templated":true}]}}