{"id":131,"date":"2025-04-02T18:12:15","date_gmt":"2025-04-02T17:12:15","guid":{"rendered":"https:\/\/vielmo.com\/privacy-policy\/"},"modified":"2026-04-25T08:48:33","modified_gmt":"2026-04-25T07:48:33","slug":"privacy-policy","status":"publish","type":"page","link":"https:\/\/vielmo.com\/en\/privacy-policy\/","title":{"rendered":"Privacy policy"},"content":{"rendered":"\n<h1 class=\"wp-block-heading has-text-align-left\"><\/h1>\n\n\n\n<p class=\"has-text-align-left\"><br>The responsible body within the meaning of the data protection laws is<\/p>\n\n\n\n<p class=\"has-text-align-left\">Sabine Vielmo<br>Lindenallee 42<br>20259 Hamburg<br>Germany<\/p>\n\n\n\n<p class=\"has-text-align-left\">When you access our website, information of a general nature is automatically collected. This information (server log files) includes, for example, the type of web browser, the operating system used, the domain name of your Internet service provider and the like. This is exclusively information that does not allow any conclusions to be drawn about your person. This information is technically necessary in order to correctly deliver the website content you have requested and is mandatory when using the Internet. Anonymous information of this kind is statistically evaluated by us in order to optimize our Internet presence and the technology behind it.    <\/p>\n\n\n\n<h2 class=\"wp-block-heading\"><strong>Cookies<\/strong><\/h2>\n\n\n\n<p class=\"has-text-align-left\">Like many other websites, we also use so-called \u201ccookies\u201d. Cookies are small text files that are transferred from a website server to your hard disk. This automatically provides us with certain data such as IP address, browser used, operating system on your computer and your connection to the Internet.  <\/p>\n\n\n\n<p class=\"has-text-align-left\">Cookies cannot be used to start programs or transfer viruses to a computer. Using the information contained in cookies, we can make navigation easier for you and enable the correct display of our web pages. <\/p>\n\n\n\n<p class=\"has-text-align-left\">Under no circumstances will the data we collect be passed on to third parties or linked to personal data without your consent.<\/p>\n\n\n\n<p class=\"has-text-align-left\">Of course, you can also view our website without cookies. Internet browsers are usually set to accept cookies. You can deactivate the use of cookies at any time via your browser settings. Please use the help functions of your Internet browser to find out how to change these settings. Please note that individual functions of our website may not work if you have deactivated the use of cookies. <\/p>\n\n\n\n<p class=\"has-text-align-left\"><span class=\"borlabs-cookie-open-dialog-preferences \" data-borlabs-cookie-title=\"Edit cookie settings\" data-borlabs-cookie-type=\"link\" ><\/span><br><\/p>\n\n\n\n<h2 class=\"wp-block-heading has-text-align-left\"><strong>SSL encryption<\/strong><\/h2>\n\n\n\n<p class=\"has-text-align-left\">To protect the security of your data during transmission, we use state-of-the-art encryption methods (e.g., SSL) via HTTPS.<br><\/p>\n\n\n\n<h2 class=\"wp-block-heading has-text-align-left\">Deletion or blocking of data<\/h2>\n\n\n\n<p class=\"has-text-align-left\">We adhere to the principles of data avoidance and data minimization. We therefore only store your personal data for as long as is necessary to achieve the purposes stated here or as required by the various storage periods stipulated by law. Once the respective purpose has ceased to apply or these periods have expired, the corresponding data is routinely blocked or deleted in accordance with the statutory provisions.  <br><br><\/p>\n\n\n\n<h2 class=\"wp-block-heading has-text-align-center\"><\/h2>\n\n\n\n<h2 class=\"wp-block-heading has-text-align-left\"><strong>Changes to our privacy policy<\/strong><\/h2>\n\n\n\n<p class=\"has-text-align-left\">Wir behalten uns vor, diese Datenschutzerkl\u00e4rung gelegentlich anzupassen, damit sie stets den aktuellen rechtlichen Anforderungen entspricht oder um \u00c4nderungen unserer Leistungen in der Datenschutzerkl\u00e4rung umzusetzen, z. B. bei der Einf\u00fchrung neuer Services. F\u00fcr Ihren erneuten Besuch gilt dann die neue Datenschutzerkl\u00e4rung. <br><\/p>\n\n\n\n<h2 class=\"wp-block-heading has-text-align-left\"><strong>Questions to the data protection officer<\/strong><\/h2>\n\n\n\n<p class=\"has-text-align-left\">Questions for the data protection officerWenn Sie Fragen zum Datenschutz haben, schreiben Sie uns bitte eine E-Mail oder wenden Sie sich direkt an unseren Datenschutzbeauftragten: sabine@vielmo.com<\/p>\n\n\n\n<p><em>The privacy policy was created with the <\/em><a href=\"https:\/\/www.activemind.de\/datenschutz\/datenschutzhinweis-generator\/\"><em>privacy policy generator of activeMind AG<\/em><\/a><\/p>\n","protected":false},"excerpt":{"rendered":"<p>The responsible body within the meaning of the data protection laws is Sabine VielmoLindenallee 4220259 HamburgGermany When you access our website, information of a general nature is automatically collected. This information (server log files) includes, for example, the type of web browser, the operating system used, the domain name of &hellip;<\/p>\n<div class=\"wrap-excerpt-more\"><a class=\"excerpt-more\" href=\"https:\/\/vielmo.com\/en\/privacy-policy\/\">Read more<\/a><\/div>\n","protected":false},"author":1,"featured_media":0,"parent":0,"menu_order":0,"comment_status":"closed","ping_status":"closed","template":"","meta":{"footnotes":""},"class_list":["post-131","page","type-page","status-publish","hentry","post--no-featured-image"],"_links":{"self":[{"href":"https:\/\/vielmo.com\/en\/wp-json\/wp\/v2\/pages\/131","targetHints":{"allow":["GET"]}}],"collection":[{"href":"https:\/\/vielmo.com\/en\/wp-json\/wp\/v2\/pages"}],"about":[{"href":"https:\/\/vielmo.com\/en\/wp-json\/wp\/v2\/types\/page"}],"author":[{"embeddable":true,"href":"https:\/\/vielmo.com\/en\/wp-json\/wp\/v2\/users\/1"}],"replies":[{"embeddable":true,"href":"https:\/\/vielmo.com\/en\/wp-json\/wp\/v2\/comments?post=131"}],"version-history":[{"count":5,"href":"https:\/\/vielmo.com\/en\/wp-json\/wp\/v2\/pages\/131\/revisions"}],"predecessor-version":[{"id":2361,"href":"https:\/\/vielmo.com\/en\/wp-json\/wp\/v2\/pages\/131\/revisions\/2361"}],"wp:attachment":[{"href":"https:\/\/vielmo.com\/en\/wp-json\/wp\/v2\/media?parent=131"}],"curies":[{"name":"wp","href":"https:\/\/api.w.org\/{rel}","templated":true}]}}